{"id":202,"date":"2021-03-04T12:19:56","date_gmt":"2021-03-04T11:19:56","guid":{"rendered":"http:\/\/psychologuerodez.fr\/?page_id=202"},"modified":"2023-06-15T10:23:48","modified_gmt":"2023-06-15T08:23:48","slug":"qui-je-suis","status":"publish","type":"page","link":"https:\/\/psychologuerodez.fr\/?page_id=202","title":{"rendered":"Qui je suis ?"},"content":{"rendered":"\t\t<div data-elementor-type=\"wp-page\" data-elementor-id=\"202\" class=\"elementor elementor-202\" data-elementor-settings=\"[]\">\n\t\t\t\t\t\t<div class=\"elementor-inner\">\n\t\t\t\t\t\t\t<div class=\"elementor-section-wrap\">\n\t\t\t\t\t\t\t<section class=\"elementor-section elementor-top-section elementor-element elementor-element-1bd2231e elementor-section-height-min-height elementor-section-content-middle elementor-section-boxed elementor-section-height-default elementor-section-items-middle\" data-id=\"1bd2231e\" data-element_type=\"section\" data-settings=\"{&quot;background_background&quot;:&quot;classic&quot;}\">\n\t\t\t\t\t\t<div class=\"elementor-container elementor-column-gap-default\">\n\t\t\t\t\t\t\t<div class=\"elementor-row\">\n\t\t\t\t\t<div class=\"elementor-column elementor-col-100 elementor-top-column elementor-element elementor-element-7675b5a6\" data-id=\"7675b5a6\" data-element_type=\"column\">\n\t\t\t<div class=\"elementor-column-wrap elementor-element-populated\">\n\t\t\t\t\t\t\t<div class=\"elementor-widget-wrap\">\n\t\t\t\t\t\t<div class=\"elementor-element elementor-element-2f292ef4 elementor-widget elementor-widget-heading\" data-id=\"2f292ef4\" data-element_type=\"widget\" data-widget_type=\"heading.default\">\n\t\t\t\t<div class=\"elementor-widget-container\">\n\t\t\t<h2 class=\"elementor-heading-title elementor-size-large\">Qui je suis ?<\/h2>\t\t<\/div>\n\t\t\t\t<\/div>\n\t\t\t\t<div class=\"elementor-element elementor-element-11c129f4 elementor-widget elementor-widget-spacer\" data-id=\"11c129f4\" data-element_type=\"widget\" data-widget_type=\"spacer.default\">\n\t\t\t\t<div class=\"elementor-widget-container\">\n\t\t\t\t\t<div class=\"elementor-spacer\">\n\t\t\t<div class=\"elementor-spacer-inner\"><\/div>\n\t\t<\/div>\n\t\t\t\t<\/div>\n\t\t\t\t<\/div>\n\t\t\t\t<div class=\"elementor-element elementor-element-57f6ead3 elementor-widget elementor-widget-testimonial\" data-id=\"57f6ead3\" data-element_type=\"widget\" data-widget_type=\"testimonial.default\">\n\t\t\t\t<div class=\"elementor-widget-container\">\n\t\t\t\t\t<div class=\"elementor-testimonial-wrapper elementor-testimonial-text-align-center\">\n\t\t\t\t\t\t\t<div class=\"elementor-testimonial-content\">Dipl\u00f4m\u00e9e d'un Master 2 Professionnel de Psychologie Clinique et Psychopathologie en 2011, mention Tr\u00e8s Bien, j'ai exerc\u00e9 en milieu hospitalier, m\u00e9dico-social et associatif. J'ai ainsi pu travailler aupr\u00e8s d'enfants et de parents, d'adolescents, d'adultes et de personnes \u00e2g\u00e9es. Je travaille dans le respect du Code de D\u00e9ontologie des Psychologues et suis soumise au secret professionnel.<\/div>\n\t\t\t\n\t\t\t\t\t\t<div class=\"elementor-testimonial-meta elementor-has-image elementor-testimonial-image-position-top\">\n\t\t\t\t<div class=\"elementor-testimonial-meta-inner\">\n\t\t\t\t\t\t\t\t\t\t\t<div class=\"elementor-testimonial-image\">\n\t\t\t\t\t\t\t<img width=\"548\" height=\"848\" src=\"https:\/\/psychologuerodez.fr\/wp-content\/uploads\/2021\/03\/IMG_20210223_155945.jpg\" class=\"attachment-full size-full\" alt=\"\" loading=\"lazy\" srcset=\"https:\/\/psychologuerodez.fr\/wp-content\/uploads\/2021\/03\/IMG_20210223_155945.jpg 548w, https:\/\/psychologuerodez.fr\/wp-content\/uploads\/2021\/03\/IMG_20210223_155945-194x300.jpg 194w\" sizes=\"(max-width: 548px) 100vw, 548px\" \/>\t\t\t\t\t\t<\/div>\n\t\t\t\t\t\n\t\t\t\t\t\t\t\t\t\t<div class=\"elementor-testimonial-details\">\n\t\t\t\t\t\t\t\t\t\t\t\t\t\t<div class=\"elementor-testimonial-name\">Miliana ghodbane<\/div>\n\t\t\t\t\t\t\t\t\t\t\t\t\t\t\t\t\t\t\t<\/div>\n\t\t\t\t\t\t\t\t\t<\/div>\n\t\t\t<\/div>\n\t\t\t\t\t<\/div>\n\t\t\t\t<\/div>\n\t\t\t\t<\/div>\n\t\t\t\t\t\t<\/div>\n\t\t\t\t\t<\/div>\n\t\t<\/div>\n\t\t\t\t\t\t\t\t<\/div>\n\t\t\t\t\t<\/div>\n\t\t<\/section>\n\t\t\t\t<section class=\"elementor-section elementor-top-section elementor-element elementor-element-445b6279 elementor-section-boxed elementor-section-height-default elementor-section-height-default\" data-id=\"445b6279\" data-element_type=\"section\" data-settings=\"{&quot;background_background&quot;:&quot;classic&quot;}\">\n\t\t\t\t\t\t<div class=\"elementor-container elementor-column-gap-no\">\n\t\t\t\t\t\t\t<div class=\"elementor-row\">\n\t\t\t\t\t<div class=\"elementor-column elementor-col-100 elementor-top-column elementor-element elementor-element-276d5f93\" data-id=\"276d5f93\" data-element_type=\"column\">\n\t\t\t<div class=\"elementor-column-wrap elementor-element-populated\">\n\t\t\t\t\t\t\t<div class=\"elementor-widget-wrap\">\n\t\t\t\t\t\t<section class=\"elementor-section elementor-inner-section elementor-element elementor-element-7341d06d elementor-section-content-middle elementor-section-boxed elementor-section-height-default elementor-section-height-default\" data-id=\"7341d06d\" data-element_type=\"section\">\n\t\t\t\t\t\t<div class=\"elementor-container elementor-column-gap-no\">\n\t\t\t\t\t\t\t<div class=\"elementor-row\">\n\t\t\t\t\t<div class=\"elementor-column elementor-col-50 elementor-inner-column elementor-element elementor-element-29c6ea1c\" data-id=\"29c6ea1c\" data-element_type=\"column\" data-settings=\"{&quot;background_background&quot;:&quot;classic&quot;}\">\n\t\t\t<div class=\"elementor-column-wrap elementor-element-populated\">\n\t\t\t\t\t\t\t<div class=\"elementor-widget-wrap\">\n\t\t\t\t\t\t<div class=\"elementor-element elementor-element-2ffc420e elementor-widget elementor-widget-heading\" data-id=\"2ffc420e\" data-element_type=\"widget\" data-widget_type=\"heading.default\">\n\t\t\t\t<div class=\"elementor-widget-container\">\n\t\t\t<h3 class=\"elementor-heading-title elementor-size-large\"><br>mon approche<\/h3>\t\t<\/div>\n\t\t\t\t<\/div>\n\t\t\t\t<div class=\"elementor-element elementor-element-41bd7dd2 elementor-widget-divider--view-line elementor-widget elementor-widget-divider\" data-id=\"41bd7dd2\" data-element_type=\"widget\" data-widget_type=\"divider.default\">\n\t\t\t\t<div class=\"elementor-widget-container\">\n\t\t\t\t\t<div class=\"elementor-divider\">\n\t\t\t<span class=\"elementor-divider-separator\">\n\t\t\t\t\t\t<\/span>\n\t\t<\/div>\n\t\t\t\t<\/div>\n\t\t\t\t<\/div>\n\t\t\t\t<div class=\"elementor-element elementor-element-29748afe elementor-widget elementor-widget-text-editor\" data-id=\"29748afe\" data-element_type=\"widget\" data-widget_type=\"text-editor.default\">\n\t\t\t\t<div class=\"elementor-widget-container\">\n\t\t\t\t\t<div class=\"elementor-text-editor elementor-clearfix\"><p>Je pratique <strong>une approche psychologique dite int\u00e9grative et humaniste largement inspir\u00e9e de la psychanalyse<\/strong>. Ainsi, je consid\u00e8re qu&rsquo;il existe de multiples facteurs qui influent sur le bien-\u00eatre et la sant\u00e9 mentale : les \u00e9motions, le corps, les pens\u00e9es, les conduites (&#8230;).\u00a0<\/p><p>La psychologie humaniste se fonde sur <strong>une vision positive de l&rsquo;\u00eatre humain<\/strong>. C&rsquo;est \u00e9galement un mod\u00e8le de psychoth\u00e9rapie qui s&rsquo;appuie sur la tendance inn\u00e9e de la personne \u00e0 vouloir se r\u00e9aliser, c&rsquo;est-\u00e0-dire \u00e0 mobiliser les forces de croissance psychologique et \u00e0 <strong>d\u00e9velopper son potentiel.<\/strong><\/p><p>Je consid\u00e8re que <strong>chaque personne est unique ;\u00a0<\/strong>de fait, chaque prise en charge est diff\u00e9rente.<\/p><\/div>\n\t\t\t\t<\/div>\n\t\t\t\t<\/div>\n\t\t\t\t\t\t<\/div>\n\t\t\t\t\t<\/div>\n\t\t<\/div>\n\t\t\t\t<div class=\"elementor-column elementor-col-50 elementor-inner-column elementor-element elementor-element-5e1f5094\" data-id=\"5e1f5094\" data-element_type=\"column\" data-settings=\"{&quot;background_background&quot;:&quot;classic&quot;}\">\n\t\t\t<div class=\"elementor-column-wrap elementor-element-populated\">\n\t\t\t\t\t\t\t<div class=\"elementor-widget-wrap\">\n\t\t\t\t\t\t<div class=\"elementor-element elementor-element-78504c2e elementor-widget elementor-widget-spacer\" data-id=\"78504c2e\" data-element_type=\"widget\" data-widget_type=\"spacer.default\">\n\t\t\t\t<div class=\"elementor-widget-container\">\n\t\t\t\t\t<div class=\"elementor-spacer\">\n\t\t\t<div class=\"elementor-spacer-inner\"><\/div>\n\t\t<\/div>\n\t\t\t\t<\/div>\n\t\t\t\t<\/div>\n\t\t\t\t\t\t<\/div>\n\t\t\t\t\t<\/div>\n\t\t<\/div>\n\t\t\t\t\t\t\t\t<\/div>\n\t\t\t\t\t<\/div>\n\t\t<\/section>\n\t\t\t\t<section class=\"elementor-section elementor-inner-section elementor-element elementor-element-ed380b6 elementor-section-content-middle elementor-reverse-mobile elementor-section-boxed elementor-section-height-default elementor-section-height-default\" data-id=\"ed380b6\" data-element_type=\"section\">\n\t\t\t\t\t\t<div class=\"elementor-container elementor-column-gap-no\">\n\t\t\t\t\t\t\t<div class=\"elementor-row\">\n\t\t\t\t\t<div class=\"elementor-column elementor-col-50 elementor-inner-column elementor-element elementor-element-7e00e250\" data-id=\"7e00e250\" data-element_type=\"column\" data-settings=\"{&quot;background_background&quot;:&quot;slideshow&quot;,&quot;background_slideshow_gallery&quot;:[{&quot;id&quot;:100,&quot;url&quot;:&quot;http:\\\/\\\/psychologuerodez.fr\\\/wp-content\\\/uploads\\\/2021\\\/03\\\/istockphoto-500378277-612x612-1.jpg&quot;},{&quot;id&quot;:134,&quot;url&quot;:&quot;http:\\\/\\\/psychologuerodez.fr\\\/wp-content\\\/uploads\\\/2021\\\/03\\\/istockphoto-994354448-612x612-1.jpg&quot;},{&quot;id&quot;:170,&quot;url&quot;:&quot;http:\\\/\\\/psychologuerodez.fr\\\/wp-content\\\/uploads\\\/2021\\\/03\\\/istockphoto-1263065678-612x612-1.jpg&quot;},{&quot;id&quot;:168,&quot;url&quot;:&quot;http:\\\/\\\/psychologuerodez.fr\\\/wp-content\\\/uploads\\\/2021\\\/03\\\/istockphoto-1253065728-612x612-1.jpg&quot;},{&quot;id&quot;:154,&quot;url&quot;:&quot;http:\\\/\\\/psychologuerodez.fr\\\/wp-content\\\/uploads\\\/2021\\\/03\\\/istockphoto-1175009801-612x612-1.jpg&quot;},{&quot;id&quot;:130,&quot;url&quot;:&quot;http:\\\/\\\/psychologuerodez.fr\\\/wp-content\\\/uploads\\\/2021\\\/03\\\/istockphoto-938622884-612x612-1.jpg&quot;}],&quot;background_slideshow_slide_transition&quot;:&quot;slide_left&quot;,&quot;background_slideshow_loop&quot;:&quot;yes&quot;,&quot;background_slideshow_slide_duration&quot;:5000,&quot;background_slideshow_transition_duration&quot;:500}\">\n\t\t\t<div class=\"elementor-column-wrap elementor-element-populated\">\n\t\t\t\t\t\t\t<div class=\"elementor-widget-wrap\">\n\t\t\t\t\t\t<div class=\"elementor-element elementor-element-2e834c8e elementor-widget elementor-widget-spacer\" data-id=\"2e834c8e\" data-element_type=\"widget\" data-widget_type=\"spacer.default\">\n\t\t\t\t<div class=\"elementor-widget-container\">\n\t\t\t\t\t<div class=\"elementor-spacer\">\n\t\t\t<div class=\"elementor-spacer-inner\"><\/div>\n\t\t<\/div>\n\t\t\t\t<\/div>\n\t\t\t\t<\/div>\n\t\t\t\t\t\t<\/div>\n\t\t\t\t\t<\/div>\n\t\t<\/div>\n\t\t\t\t<div class=\"elementor-column elementor-col-50 elementor-inner-column elementor-element elementor-element-23d5699\" data-id=\"23d5699\" data-element_type=\"column\" data-settings=\"{&quot;background_background&quot;:&quot;classic&quot;}\">\n\t\t\t<div class=\"elementor-column-wrap elementor-element-populated\">\n\t\t\t\t\t\t\t<div class=\"elementor-widget-wrap\">\n\t\t\t\t\t\t<div class=\"elementor-element elementor-element-51dfdb52 elementor-widget elementor-widget-heading\" data-id=\"51dfdb52\" data-element_type=\"widget\" data-widget_type=\"heading.default\">\n\t\t\t\t<div class=\"elementor-widget-container\">\n\t\t\t<h3 class=\"elementor-heading-title elementor-size-large\"><br>methodes<\/h3>\t\t<\/div>\n\t\t\t\t<\/div>\n\t\t\t\t<div class=\"elementor-element elementor-element-a2b1c12 elementor-widget-divider--view-line elementor-widget elementor-widget-divider\" data-id=\"a2b1c12\" data-element_type=\"widget\" data-widget_type=\"divider.default\">\n\t\t\t\t<div class=\"elementor-widget-container\">\n\t\t\t\t\t<div class=\"elementor-divider\">\n\t\t\t<span class=\"elementor-divider-separator\">\n\t\t\t\t\t\t<\/span>\n\t\t<\/div>\n\t\t\t\t<\/div>\n\t\t\t\t<\/div>\n\t\t\t\t<div class=\"elementor-element elementor-element-1f142fd7 elementor-widget elementor-widget-text-editor\" data-id=\"1f142fd7\" data-element_type=\"widget\" data-widget_type=\"text-editor.default\">\n\t\t\t\t<div class=\"elementor-widget-container\">\n\t\t\t\t\t<div class=\"elementor-text-editor elementor-clearfix\"><p>Lors des s\u00e9ances, je vous<strong> \u00e9coute avec bienveillance et sans jugement<\/strong>. Je vous accompagne sur les points qui font souffrance et\/ou probl\u00e8me, tout en respectant votre <strong>temporalit\u00e9<\/strong> et votre <strong>singularit\u00e9<\/strong>.\u00a0<\/p><\/div>\n\t\t\t\t<\/div>\n\t\t\t\t<\/div>\n\t\t\t\t<div class=\"elementor-element elementor-element-f43874b elementor-widget elementor-widget-text-editor\" data-id=\"f43874b\" data-element_type=\"widget\" data-widget_type=\"text-editor.default\">\n\t\t\t\t<div class=\"elementor-widget-container\">\n\t\t\t\t\t<div class=\"elementor-text-editor elementor-clearfix\"><p>Mon travail consiste \u00e0 m&rsquo;appuyer sur tout ce qui peut faire sens pour vous et ainsi constituer des <strong>leviers th\u00e9rapeutiques.\u00a0<\/strong><\/p><\/div>\n\t\t\t\t<\/div>\n\t\t\t\t<\/div>\n\t\t\t\t<div class=\"elementor-element elementor-element-d51ff94 elementor-widget elementor-widget-text-editor\" data-id=\"d51ff94\" data-element_type=\"widget\" data-widget_type=\"text-editor.default\">\n\t\t\t\t<div class=\"elementor-widget-container\">\n\t\t\t\t\t<div class=\"elementor-text-editor elementor-clearfix\"><p>Que ce soit pour les enfants, les adolescents ou encore les adultes, il peut arriver que des <strong>bilans<\/strong> soient n\u00e9cessaires et\/ou pertinents tels que<b> la passation de tests psychom\u00e9triques (QI). Nous en discutons ensemble.<\/b><\/p><\/div>\n\t\t\t\t<\/div>\n\t\t\t\t<\/div>\n\t\t\t\t<div class=\"elementor-element elementor-element-4dd4e7b elementor-widget elementor-widget-text-editor\" data-id=\"4dd4e7b\" data-element_type=\"widget\" data-widget_type=\"text-editor.default\">\n\t\t\t\t<div class=\"elementor-widget-container\">\n\t\t\t\t\t<div class=\"elementor-text-editor elementor-clearfix\"><p>Je travaille, r\u00e9guli\u00e8rement, avec <strong>la m\u00e9ditation de pleine conscience <\/strong>que ce soit pour les plus grands comme pour les plus petits.<\/p><\/div>\n\t\t\t\t<\/div>\n\t\t\t\t<\/div>\n\t\t\t\t<div class=\"elementor-element elementor-element-56dd373 elementor-widget elementor-widget-text-editor\" data-id=\"56dd373\" data-element_type=\"widget\" data-widget_type=\"text-editor.default\">\n\t\t\t\t<div class=\"elementor-widget-container\">\n\t\t\t\t\t<div class=\"elementor-text-editor elementor-clearfix\"><\/div>\n\t\t\t\t<\/div>\n\t\t\t\t<\/div>\n\t\t\t\t<div class=\"elementor-element elementor-element-233cba7 elementor-widget elementor-widget-text-editor\" data-id=\"233cba7\" data-element_type=\"widget\" data-widget_type=\"text-editor.default\">\n\t\t\t\t<div class=\"elementor-widget-container\">\n\t\t\t\t\t<div class=\"elementor-text-editor elementor-clearfix\"><\/div>\n\t\t\t\t<\/div>\n\t\t\t\t<\/div>\n\t\t\t\t\t\t<\/div>\n\t\t\t\t\t<\/div>\n\t\t<\/div>\n\t\t\t\t\t\t\t\t<\/div>\n\t\t\t\t\t<\/div>\n\t\t<\/section>\n\t\t\t\t\t\t<\/div>\n\t\t\t\t\t<\/div>\n\t\t<\/div>\n\t\t\t\t\t\t\t\t<\/div>\n\t\t\t\t\t<\/div>\n\t\t<\/section>\n\t\t\t\t<section class=\"elementor-section elementor-top-section elementor-element elementor-element-787096ba elementor-section-boxed elementor-section-height-default elementor-section-height-default\" data-id=\"787096ba\" data-element_type=\"section\">\n\t\t\t\t\t\t<div class=\"elementor-container elementor-column-gap-default\">\n\t\t\t\t\t\t\t<div class=\"elementor-row\">\n\t\t\t\t\t<div class=\"elementor-column elementor-col-100 elementor-top-column elementor-element elementor-element-654837ad\" data-id=\"654837ad\" data-element_type=\"column\">\n\t\t\t<div class=\"elementor-column-wrap elementor-element-populated\">\n\t\t\t\t\t\t\t<div class=\"elementor-widget-wrap\">\n\t\t\t\t\t\t<div class=\"elementor-element elementor-element-f1a3299 elementor-widget elementor-widget-heading\" data-id=\"f1a3299\" data-element_type=\"widget\" data-widget_type=\"heading.default\">\n\t\t\t\t<div class=\"elementor-widget-container\">\n\t\t\t<h2 class=\"elementor-heading-title elementor-size-default\">En savoir plus ?<\/h2>\t\t<\/div>\n\t\t\t\t<\/div>\n\t\t\t\t<div class=\"elementor-element elementor-element-cb82dca elementor-widget elementor-widget-text-editor\" data-id=\"cb82dca\" data-element_type=\"widget\" data-widget_type=\"text-editor.default\">\n\t\t\t\t<div class=\"elementor-widget-container\">\n\t\t\t\t\t<div class=\"elementor-text-editor elementor-clearfix\"><p>Vous avez des questions ou vous souhaitez tout simplement en savoir plus, n&rsquo;h\u00e9sitez pas \u00e0 me contacter.<\/p><\/div>\n\t\t\t\t<\/div>\n\t\t\t\t<\/div>\n\t\t\t\t<div class=\"elementor-element elementor-element-374c601 elementor-align-center elementor-widget elementor-widget-button\" data-id=\"374c601\" data-element_type=\"widget\" data-widget_type=\"button.default\">\n\t\t\t\t<div class=\"elementor-widget-container\">\n\t\t\t\t\t<div class=\"elementor-button-wrapper\">\n\t\t\t<a href=\"http:\/\/psychologuerodez.fr\/?page_id=63\" class=\"elementor-button-link elementor-button elementor-size-sm\" role=\"button\">\n\t\t\t\t\t\t<span class=\"elementor-button-content-wrapper\">\n\t\t\t\t\t\t<span class=\"elementor-button-text\">Appeler<\/span>\n\t\t<\/span>\n\t\t\t\t\t<\/a>\n\t\t<\/div>\n\t\t\t\t<\/div>\n\t\t\t\t<\/div>\n\t\t\t\t\t\t<\/div>\n\t\t\t\t\t<\/div>\n\t\t<\/div>\n\t\t\t\t\t\t\t\t<\/div>\n\t\t\t\t\t<\/div>\n\t\t<\/section>\n\t\t\t\t\t\t<\/div>\n\t\t\t\t\t\t<\/div>\n\t\t\t\t\t<\/div>\n\t\t","protected":false},"excerpt":{"rendered":"<p>Qui je suis ? Dipl\u00f4m\u00e9e d&rsquo;un Master 2 Professionnel de Psychologie Clinique et Psychopathologie en 2011, mention Tr\u00e8s Bien, j&rsquo;ai exerc\u00e9 en milieu hospitalier, m\u00e9dico-social et associatif. J&rsquo;ai ainsi pu travailler aupr\u00e8s d&rsquo;enfants et de parents, d&rsquo;adolescents, d&rsquo;adultes et de personnes \u00e2g\u00e9es. Je travaille dans le respect du Code de D\u00e9ontologie des Psychologues et suis [&hellip;]<\/p>\n","protected":false},"author":1,"featured_media":0,"parent":0,"menu_order":0,"comment_status":"closed","ping_status":"closed","template":"","meta":{"spay_email":""},"_links":{"self":[{"href":"https:\/\/psychologuerodez.fr\/index.php?rest_route=\/wp\/v2\/pages\/202"}],"collection":[{"href":"https:\/\/psychologuerodez.fr\/index.php?rest_route=\/wp\/v2\/pages"}],"about":[{"href":"https:\/\/psychologuerodez.fr\/index.php?rest_route=\/wp\/v2\/types\/page"}],"author":[{"embeddable":true,"href":"https:\/\/psychologuerodez.fr\/index.php?rest_route=\/wp\/v2\/users\/1"}],"replies":[{"embeddable":true,"href":"https:\/\/psychologuerodez.fr\/index.php?rest_route=%2Fwp%2Fv2%2Fcomments&post=202"}],"version-history":[{"count":49,"href":"https:\/\/psychologuerodez.fr\/index.php?rest_route=\/wp\/v2\/pages\/202\/revisions"}],"predecessor-version":[{"id":540,"href":"https:\/\/psychologuerodez.fr\/index.php?rest_route=\/wp\/v2\/pages\/202\/revisions\/540"}],"wp:attachment":[{"href":"https:\/\/psychologuerodez.fr\/index.php?rest_route=%2Fwp%2Fv2%2Fmedia&parent=202"}],"curies":[{"name":"wp","href":"https:\/\/api.w.org\/{rel}","templated":true}]}}