{"id":322,"date":"2021-03-05T17:09:30","date_gmt":"2021-03-05T16:09:30","guid":{"rendered":"http:\/\/psychologuerodez.fr\/?page_id=322"},"modified":"2021-04-10T11:33:25","modified_gmt":"2021-04-10T09:33:25","slug":"la-consultation-en-ligne","status":"publish","type":"page","link":"https:\/\/psychologuerodez.fr\/?page_id=322","title":{"rendered":"La consultation en ligne"},"content":{"rendered":"\t\t<div data-elementor-type=\"wp-page\" data-elementor-id=\"322\" class=\"elementor elementor-322\" data-elementor-settings=\"[]\">\n\t\t\t\t\t\t<div class=\"elementor-inner\">\n\t\t\t\t\t\t\t<div class=\"elementor-section-wrap\">\n\t\t\t\t\t\t\t<section class=\"elementor-section elementor-top-section elementor-element elementor-element-5b69bfd3 elementor-section-height-min-height elementor-section-content-middle elementor-section-boxed elementor-section-height-default elementor-section-items-middle\" data-id=\"5b69bfd3\" data-element_type=\"section\" data-settings=\"{&quot;background_background&quot;:&quot;classic&quot;}\">\n\t\t\t\t\t\t<div class=\"elementor-container elementor-column-gap-default\">\n\t\t\t\t\t\t\t<div class=\"elementor-row\">\n\t\t\t\t\t<div class=\"elementor-column elementor-col-100 elementor-top-column elementor-element elementor-element-4d4f411c\" data-id=\"4d4f411c\" data-element_type=\"column\">\n\t\t\t<div class=\"elementor-column-wrap elementor-element-populated\">\n\t\t\t\t\t\t\t<div class=\"elementor-widget-wrap\">\n\t\t\t\t\t\t<div class=\"elementor-element elementor-element-3ee9e421 elementor-widget elementor-widget-heading\" data-id=\"3ee9e421\" data-element_type=\"widget\" data-widget_type=\"heading.default\">\n\t\t\t\t<div class=\"elementor-widget-container\">\n\t\t\t<h2 class=\"elementor-heading-title elementor-size-large\">La consultation en ligne<\/h2>\t\t<\/div>\n\t\t\t\t<\/div>\n\t\t\t\t<div class=\"elementor-element elementor-element-59255ad8 elementor-widget elementor-widget-spacer\" data-id=\"59255ad8\" data-element_type=\"widget\" data-widget_type=\"spacer.default\">\n\t\t\t\t<div class=\"elementor-widget-container\">\n\t\t\t\t\t<div class=\"elementor-spacer\">\n\t\t\t<div class=\"elementor-spacer-inner\"><\/div>\n\t\t<\/div>\n\t\t\t\t<\/div>\n\t\t\t\t<\/div>\n\t\t\t\t<div class=\"elementor-element elementor-element-2d753cd9 elementor-widget elementor-widget-testimonial\" data-id=\"2d753cd9\" data-element_type=\"widget\" data-widget_type=\"testimonial.default\">\n\t\t\t\t<div class=\"elementor-widget-container\">\n\t\t\t\t\t<div class=\"elementor-testimonial-wrapper elementor-testimonial-text-align-center\">\n\t\t\t\t\t\t\t<div class=\"elementor-testimonial-content\">Ces derniers temps, la consultation en ligne s'est fortement d\u00e9velopp\u00e9e. Les retours d'exp\u00e9rience sont positifs et concluants.<br><\/div>\n\t\t\t\n\t\t\t\t\t<\/div>\n\t\t\t\t<\/div>\n\t\t\t\t<\/div>\n\t\t\t\t<div class=\"elementor-element elementor-element-50b915f elementor-widget elementor-widget-image\" data-id=\"50b915f\" data-element_type=\"widget\" data-widget_type=\"image.default\">\n\t\t\t\t<div class=\"elementor-widget-container\">\n\t\t\t\t\t<div class=\"elementor-image\">\n\t\t\t\t\t\t\t\t\t\t<img width=\"612\" height=\"470\" src=\"https:\/\/psychologuerodez.fr\/wp-content\/uploads\/2021\/03\/istockphoto-1253065728-612x612-1.jpg\" class=\"attachment-medium_large size-medium_large\" alt=\"\" loading=\"lazy\" srcset=\"https:\/\/psychologuerodez.fr\/wp-content\/uploads\/2021\/03\/istockphoto-1253065728-612x612-1.jpg 612w, https:\/\/psychologuerodez.fr\/wp-content\/uploads\/2021\/03\/istockphoto-1253065728-612x612-1-300x230.jpg 300w\" sizes=\"(max-width: 612px) 100vw, 612px\" \/>\t\t\t\t\t\t\t\t\t\t\t<\/div>\n\t\t\t\t<\/div>\n\t\t\t\t<\/div>\n\t\t\t\t\t\t<\/div>\n\t\t\t\t\t<\/div>\n\t\t<\/div>\n\t\t\t\t\t\t\t\t<\/div>\n\t\t\t\t\t<\/div>\n\t\t<\/section>\n\t\t\t\t<section class=\"elementor-section elementor-top-section elementor-element elementor-element-7e5f4500 elementor-section-boxed elementor-section-height-default elementor-section-height-default\" data-id=\"7e5f4500\" data-element_type=\"section\" data-settings=\"{&quot;background_background&quot;:&quot;classic&quot;}\">\n\t\t\t\t\t\t<div class=\"elementor-container elementor-column-gap-no\">\n\t\t\t\t\t\t\t<div class=\"elementor-row\">\n\t\t\t\t\t<div class=\"elementor-column elementor-col-100 elementor-top-column elementor-element elementor-element-3116058a\" data-id=\"3116058a\" data-element_type=\"column\">\n\t\t\t<div class=\"elementor-column-wrap elementor-element-populated\">\n\t\t\t\t\t\t\t<div class=\"elementor-widget-wrap\">\n\t\t\t\t\t\t<section class=\"elementor-section elementor-inner-section elementor-element elementor-element-21dcd0c3 elementor-section-content-middle elementor-section-boxed elementor-section-height-default elementor-section-height-default\" data-id=\"21dcd0c3\" data-element_type=\"section\">\n\t\t\t\t\t\t<div class=\"elementor-container elementor-column-gap-no\">\n\t\t\t\t\t\t\t<div class=\"elementor-row\">\n\t\t\t\t\t<div class=\"elementor-column elementor-col-50 elementor-inner-column elementor-element elementor-element-388728e\" data-id=\"388728e\" data-element_type=\"column\" data-settings=\"{&quot;background_background&quot;:&quot;classic&quot;}\">\n\t\t\t<div class=\"elementor-column-wrap elementor-element-populated\">\n\t\t\t\t\t\t\t<div class=\"elementor-widget-wrap\">\n\t\t\t\t\t\t<div class=\"elementor-element elementor-element-45c576d8 elementor-widget elementor-widget-heading\" data-id=\"45c576d8\" data-element_type=\"widget\" data-widget_type=\"heading.default\">\n\t\t\t\t<div class=\"elementor-widget-container\">\n\t\t\t<h3 class=\"elementor-heading-title elementor-size-large\">pourquoi la consultation en ligne ?<\/h3>\t\t<\/div>\n\t\t\t\t<\/div>\n\t\t\t\t<div class=\"elementor-element elementor-element-58c7a962 elementor-widget-divider--view-line elementor-widget elementor-widget-divider\" data-id=\"58c7a962\" data-element_type=\"widget\" data-widget_type=\"divider.default\">\n\t\t\t\t<div class=\"elementor-widget-container\">\n\t\t\t\t\t<div class=\"elementor-divider\">\n\t\t\t<span class=\"elementor-divider-separator\">\n\t\t\t\t\t\t<\/span>\n\t\t<\/div>\n\t\t\t\t<\/div>\n\t\t\t\t<\/div>\n\t\t\t\t<div class=\"elementor-element elementor-element-66e655e2 elementor-widget elementor-widget-text-editor\" data-id=\"66e655e2\" data-element_type=\"widget\" data-widget_type=\"text-editor.default\">\n\t\t\t\t<div class=\"elementor-widget-container\">\n\t\t\t\t\t<div class=\"elementor-text-editor elementor-clearfix\"><p>Le contexte sanitaire, des horaires de travail denses et\/ou atypiques, des probl\u00e8mes de sant\u00e9 sp\u00e9cifiques, des probl\u00e8mes de mobilit\u00e9, autant de raisons qui ne doivent pas constituer des freins \u00e0 la mise en place d&rsquo;un accompagnement th\u00e9rapeutique. La consultation en ligne appara\u00eet, alors, comme <b>une solution possible.\u00a0<\/b><\/p><p>Vous pensez que cette m\u00e9thode pourrait vous convenir mais vous h\u00e9sitez, vous pouvez me contacter pour que nous en discutions ensemble.<\/p><\/div>\n\t\t\t\t<\/div>\n\t\t\t\t<\/div>\n\t\t\t\t\t\t<\/div>\n\t\t\t\t\t<\/div>\n\t\t<\/div>\n\t\t\t\t<div class=\"elementor-column elementor-col-50 elementor-inner-column elementor-element elementor-element-7382679d\" data-id=\"7382679d\" data-element_type=\"column\" data-settings=\"{&quot;background_background&quot;:&quot;classic&quot;}\">\n\t\t\t<div class=\"elementor-column-wrap elementor-element-populated\">\n\t\t\t\t\t\t\t<div class=\"elementor-widget-wrap\">\n\t\t\t\t\t\t<div class=\"elementor-element elementor-element-6bbf5f2c elementor-widget elementor-widget-spacer\" data-id=\"6bbf5f2c\" data-element_type=\"widget\" data-widget_type=\"spacer.default\">\n\t\t\t\t<div class=\"elementor-widget-container\">\n\t\t\t\t\t<div class=\"elementor-spacer\">\n\t\t\t<div class=\"elementor-spacer-inner\"><\/div>\n\t\t<\/div>\n\t\t\t\t<\/div>\n\t\t\t\t<\/div>\n\t\t\t\t\t\t<\/div>\n\t\t\t\t\t<\/div>\n\t\t<\/div>\n\t\t\t\t\t\t\t\t<\/div>\n\t\t\t\t\t<\/div>\n\t\t<\/section>\n\t\t\t\t<section class=\"elementor-section elementor-inner-section elementor-element elementor-element-6e823b23 elementor-section-content-middle elementor-section-boxed elementor-section-height-default elementor-section-height-default\" data-id=\"6e823b23\" data-element_type=\"section\">\n\t\t\t\t\t\t<div class=\"elementor-container elementor-column-gap-no\">\n\t\t\t\t\t\t\t<div class=\"elementor-row\">\n\t\t\t\t\t<div class=\"elementor-column elementor-col-50 elementor-inner-column elementor-element elementor-element-23e2de8a\" data-id=\"23e2de8a\" data-element_type=\"column\" data-settings=\"{&quot;background_background&quot;:&quot;classic&quot;}\">\n\t\t\t<div class=\"elementor-column-wrap elementor-element-populated\">\n\t\t\t\t\t\t\t<div class=\"elementor-widget-wrap\">\n\t\t\t\t\t\t<div class=\"elementor-element elementor-element-0c8b0a3 elementor-widget elementor-widget-image\" data-id=\"0c8b0a3\" data-element_type=\"widget\" data-widget_type=\"image.default\">\n\t\t\t\t<div class=\"elementor-widget-container\">\n\t\t\t\t\t<div class=\"elementor-image\">\n\t\t\t\t\t\t\t\t\t\t<img width=\"612\" height=\"470\" src=\"https:\/\/psychologuerodez.fr\/wp-content\/uploads\/2021\/03\/istockphoto-1253065728-612x612-1.jpg\" class=\"attachment-large size-large\" alt=\"\" loading=\"lazy\" srcset=\"https:\/\/psychologuerodez.fr\/wp-content\/uploads\/2021\/03\/istockphoto-1253065728-612x612-1.jpg 612w, https:\/\/psychologuerodez.fr\/wp-content\/uploads\/2021\/03\/istockphoto-1253065728-612x612-1-300x230.jpg 300w\" sizes=\"(max-width: 612px) 100vw, 612px\" \/>\t\t\t\t\t\t\t\t\t\t\t<\/div>\n\t\t\t\t<\/div>\n\t\t\t\t<\/div>\n\t\t\t\t\t\t<\/div>\n\t\t\t\t\t<\/div>\n\t\t<\/div>\n\t\t\t\t<div class=\"elementor-column elementor-col-50 elementor-inner-column elementor-element elementor-element-44234959\" data-id=\"44234959\" data-element_type=\"column\" data-settings=\"{&quot;background_background&quot;:&quot;classic&quot;}\">\n\t\t\t<div class=\"elementor-column-wrap elementor-element-populated\">\n\t\t\t\t\t\t\t<div class=\"elementor-widget-wrap\">\n\t\t\t\t\t\t<div class=\"elementor-element elementor-element-7f74917 elementor-widget elementor-widget-heading\" data-id=\"7f74917\" data-element_type=\"widget\" data-widget_type=\"heading.default\">\n\t\t\t\t<div class=\"elementor-widget-container\">\n\t\t\t<h3 class=\"elementor-heading-title elementor-size-large\">COMMENT \u00e7a marche ?<\/h3>\t\t<\/div>\n\t\t\t\t<\/div>\n\t\t\t\t<div class=\"elementor-element elementor-element-73a0401 elementor-widget-divider--view-line elementor-widget elementor-widget-divider\" data-id=\"73a0401\" data-element_type=\"widget\" data-widget_type=\"divider.default\">\n\t\t\t\t<div class=\"elementor-widget-container\">\n\t\t\t\t\t<div class=\"elementor-divider\">\n\t\t\t<span class=\"elementor-divider-separator\">\n\t\t\t\t\t\t<\/span>\n\t\t<\/div>\n\t\t\t\t<\/div>\n\t\t\t\t<\/div>\n\t\t\t\t<div class=\"elementor-element elementor-element-e68bf8b elementor-widget elementor-widget-text-editor\" data-id=\"e68bf8b\" data-element_type=\"widget\" data-widget_type=\"text-editor.default\">\n\t\t\t\t<div class=\"elementor-widget-container\">\n\t\t\t\t\t<div class=\"elementor-text-editor elementor-clearfix\"><p>Deux possibilit\u00e9s s&rsquo;offrent \u00e0 vous : des consultations <strong>par t\u00e9l\u00e9phone ou en visio.<\/strong><\/p><p>Dans les 2 cas, nous programmons, ensemble, une date et une heure de rendez-vous. Je vous remets mon RIB qui vous permettra de r\u00e9aliser les virements afin de r\u00e9gler les s\u00e9ances. Ces s\u00e9ances doivent \u00eatre r\u00e9gl\u00e9es le jour du rendez-vous au plus tard. Il s&rsquo;agit l\u00e0 d&rsquo;une des conditions d&rsquo;acc\u00e8s \u00e0 la consultation en ligne. Aussi, pensez \u00e0 bien vous renseigner sur les d\u00e9lais de virement dans votre banque. Le paiement par ch\u00e8que est \u00e9galement possible d\u00e8s lors que je re\u00e7ois le ch\u00e8que le jour de notre rendez-vous (au plus tard). L&rsquo;autre condition \u00e9tant de disposer, dans le cas d&rsquo;une consultation en visio, d&rsquo;une adresse de contact pour que je puisse vous appeler sur Skype.<\/p><p>Par la suite, je vous contacte\u00a0 au num\u00e9ro de t\u00e9l\u00e9phone ou \u00e0 l&rsquo;adresse de contact que vous m&rsquo;aurez communiqu\u00e9, \u00e0 l&rsquo;heure exacte du rendez-vous que nous nous serons fix\u00e9s.<\/p><p>Le cadre est le m\u00eame que pour les consultations en pr\u00e9sentiel. Ainsi, comptez 1h pour le 1er entretien, puis, 45 minutes pour les suivants. Quant \u00e0 la fr\u00e9quence des entretiens, nous la d\u00e9finissons ensemble.<\/p><p>\u00a0<\/p><\/div>\n\t\t\t\t<\/div>\n\t\t\t\t<\/div>\n\t\t\t\t\t\t<\/div>\n\t\t\t\t\t<\/div>\n\t\t<\/div>\n\t\t\t\t\t\t\t\t<\/div>\n\t\t\t\t\t<\/div>\n\t\t<\/section>\n\t\t\t\t<div class=\"elementor-element elementor-element-b5436f6 elementor-align-center elementor-widget elementor-widget-button\" data-id=\"b5436f6\" data-element_type=\"widget\" data-widget_type=\"button.default\">\n\t\t\t\t<div class=\"elementor-widget-container\">\n\t\t\t\t\t<div class=\"elementor-button-wrapper\">\n\t\t\t<a href=\"http:\/\/psychologuerodez.fr\/?page_id=63\" class=\"elementor-button-link elementor-button elementor-size-sm\" role=\"button\">\n\t\t\t\t\t\t<span class=\"elementor-button-content-wrapper\">\n\t\t\t\t\t\t<span class=\"elementor-button-text\">Me contacter<\/span>\n\t\t<\/span>\n\t\t\t\t\t<\/a>\n\t\t<\/div>\n\t\t\t\t<\/div>\n\t\t\t\t<\/div>\n\t\t\t\t\t\t<\/div>\n\t\t\t\t\t<\/div>\n\t\t<\/div>\n\t\t\t\t\t\t\t\t<\/div>\n\t\t\t\t\t<\/div>\n\t\t<\/section>\n\t\t\t\t\t\t<\/div>\n\t\t\t\t\t\t<\/div>\n\t\t\t\t\t<\/div>\n\t\t","protected":false},"excerpt":{"rendered":"<p>La consultation en ligne Ces derniers temps, la consultation en ligne s&rsquo;est fortement d\u00e9velopp\u00e9e. Les retours d&rsquo;exp\u00e9rience sont positifs et concluants. pourquoi la consultation en ligne ? Le contexte sanitaire, des horaires de travail denses et\/ou atypiques, des probl\u00e8mes de sant\u00e9 sp\u00e9cifiques, des probl\u00e8mes de mobilit\u00e9, autant de raisons qui ne doivent pas constituer des [&hellip;]<\/p>\n","protected":false},"author":1,"featured_media":0,"parent":0,"menu_order":0,"comment_status":"closed","ping_status":"closed","template":"","meta":{"spay_email":""},"_links":{"self":[{"href":"https:\/\/psychologuerodez.fr\/index.php?rest_route=\/wp\/v2\/pages\/322"}],"collection":[{"href":"https:\/\/psychologuerodez.fr\/index.php?rest_route=\/wp\/v2\/pages"}],"about":[{"href":"https:\/\/psychologuerodez.fr\/index.php?rest_route=\/wp\/v2\/types\/page"}],"author":[{"embeddable":true,"href":"https:\/\/psychologuerodez.fr\/index.php?rest_route=\/wp\/v2\/users\/1"}],"replies":[{"embeddable":true,"href":"https:\/\/psychologuerodez.fr\/index.php?rest_route=%2Fwp%2Fv2%2Fcomments&post=322"}],"version-history":[{"count":31,"href":"https:\/\/psychologuerodez.fr\/index.php?rest_route=\/wp\/v2\/pages\/322\/revisions"}],"predecessor-version":[{"id":471,"href":"https:\/\/psychologuerodez.fr\/index.php?rest_route=\/wp\/v2\/pages\/322\/revisions\/471"}],"wp:attachment":[{"href":"https:\/\/psychologuerodez.fr\/index.php?rest_route=%2Fwp%2Fv2%2Fmedia&parent=322"}],"curies":[{"name":"wp","href":"https:\/\/api.w.org\/{rel}","templated":true}]}}